{"id":2569,"date":"2018-04-18T11:44:29","date_gmt":"2018-04-18T09:44:29","guid":{"rendered":"https:\/\/domainedesbiolles.ch\/vin\/merlot-barrique\/"},"modified":"2018-04-18T11:44:29","modified_gmt":"2018-04-18T09:44:29","slug":"merlot-barrique-2","status":"publish","type":"product","link":"https:\/\/domainedesbiolles.ch\/de\/vin\/merlot-barrique\/","title":{"rendered":"Merlot Barrique"},"content":{"rendered":"<p>Herkunftsbezeichnung: AOC La C\u00f4te<\/p>\n<p><img loading=\"lazy\" decoding=\"async\" class=\"alignnone wp-image-1944\" src=\"https:\/\/domainedesbiolles.ch\/wp-content\/uploads\/2019\/04\/Capture-d%E2%80%99%C3%A9cran-2019-04-27-%C3%A0-10.35.51-300x277.png\" alt=\"\" width=\"133\" height=\"123\"><\/p>\n<p>50cl | 75cl &#8211; 14.7 Volumenprozent<\/p>\n<p><span style=\"color: #b3a896;\">Verkaufsbedingungen:<br \/>\n<\/span>Unsere Preise verstehen sich ab Weinkeller \u2013 MwSt inbegriffen Die Versand- oder Transport-kosten werden separat in Rechnung gestellt.<\/p>\n<p><span style=\"color: #b3a896;\">Verkaufseinheiten:<\/span><br \/>\n75 cl &gt; 6 oder 12 Flaschen<br \/>\n50cl &gt; 15 Flaschen<\/p>\n","protected":false},"excerpt":{"rendered":"<p>Ein Ch\u00e2taigneriaz mit grosser Abstammung in dunkelrotem Kleid mit granatfarbenen Reflexen; mit von Gew\u00fcrzen und roten Fr\u00fcchten gepr\u00e4gtem Geschmack.<br \/>\nIm Gaumen besticht er durch sch\u00f6ne, wuchtige Tannine.<br \/>\nSeine Holznoten und die Aromen von Kaffee und Vanille verdankt er seinem Ausbau im Eichenfass.<\/p>\n<p>[nectar_btn size=&#8220;small&#8220; open_new_tab=&#8220;true&#8220; button_style=&#8220;regular&#8220; button_color_2=&#8220;Extra-Color-1&#8243; icon_family=&#8220;none&#8220; url=&#8220;https:\/\/domainedesbiolles.ch\/wp-content\/uploads\/2019\/04\/selection-vins-vaudois-biolles-merlot.pdf&#8220; text=&#8220;DIE BEWERTUNG ANSEHEN&#8220; margin_top=&#8220;5px&#8220;]<\/p>\n","protected":false},"featured_media":2906,"template":"","meta":[],"product_cat":[35],"product_tag":[],"yoast_head":"<!-- This site is optimized with the Yoast SEO plugin v22.9 - https:\/\/yoast.com\/wordpress\/plugins\/seo\/ -->\n<title>Merlot Barrique - Domaine des Biolles<\/title>\n<meta name=\"robots\" content=\"index, follow, max-snippet:-1, max-image-preview:large, max-video-preview:-1\" \/>\n<link rel=\"canonical\" href=\"https:\/\/domainedesbiolles.ch\/de\/vin\/merlot-barrique\/\" \/>\n<meta property=\"og:locale\" content=\"de_DE\" \/>\n<meta property=\"og:type\" content=\"article\" \/>\n<meta property=\"og:title\" content=\"Merlot Barrique - Domaine des Biolles\" \/>\n<meta property=\"og:description\" content=\"Ein Ch\u00e2taigneriaz mit grosser Abstammung in dunkelrotem Kleid mit granatfarbenen Reflexen; mit von Gew\u00fcrzen und roten Fr\u00fcchten gepr\u00e4gtem Geschmack. Im Gaumen besticht er durch sch\u00f6ne, wuchtige Tannine. Seine Holznoten und die Aromen von Kaffee und Vanille verdankt er seinem Ausbau im Eichenfass. [nectar_btn size=&quot;small&quot; open_new_tab=&quot;true&quot; button_style=&quot;regular&quot; button_color_2=&quot;Extra-Color-1&quot; icon_family=&quot;none&quot; url=&quot;https:\/\/domainedesbiolles.ch\/wp-content\/uploads\/2019\/04\/selection-vins-vaudois-biolles-merlot.pdf&quot; text=&quot;DIE BEWERTUNG ANSEHEN&quot; margin_top=&quot;5px&quot;]\" \/>\n<meta property=\"og:url\" content=\"https:\/\/domainedesbiolles.ch\/de\/vin\/merlot-barrique\/\" \/>\n<meta property=\"og:site_name\" content=\"Domaine des Biolles\" \/>\n<meta property=\"og:image\" content=\"https:\/\/domainedesbiolles.ch\/wp-content\/uploads\/2019\/04\/Merlot-Biolles-vins-vaudois-or-2018.jpg\" \/>\n\t<meta property=\"og:image:width\" content=\"1000\" \/>\n\t<meta property=\"og:image:height\" content=\"1500\" \/>\n\t<meta property=\"og:image:type\" content=\"image\/jpeg\" \/>\n<meta name=\"twitter:card\" content=\"summary_large_image\" \/>\n<script type=\"application\/ld+json\" class=\"yoast-schema-graph\">{\"@context\":\"https:\/\/schema.org\",\"@graph\":[{\"@type\":\"WebPage\",\"@id\":\"https:\/\/domainedesbiolles.ch\/de\/vin\/merlot-barrique\/\",\"url\":\"https:\/\/domainedesbiolles.ch\/de\/vin\/merlot-barrique\/\",\"name\":\"Merlot Barrique - Domaine des Biolles\",\"isPartOf\":{\"@id\":\"https:\/\/domainedesbiolles.ch\/de\/#website\"},\"primaryImageOfPage\":{\"@id\":\"https:\/\/domainedesbiolles.ch\/de\/vin\/merlot-barrique\/#primaryimage\"},\"image\":{\"@id\":\"https:\/\/domainedesbiolles.ch\/de\/vin\/merlot-barrique\/#primaryimage\"},\"thumbnailUrl\":\"https:\/\/domainedesbiolles.ch\/wp-content\/uploads\/2018\/04\/3X0A0681-scaled.jpg\",\"datePublished\":\"2018-04-18T09:44:29+00:00\",\"dateModified\":\"2018-04-18T09:44:29+00:00\",\"breadcrumb\":{\"@id\":\"https:\/\/domainedesbiolles.ch\/de\/vin\/merlot-barrique\/#breadcrumb\"},\"inLanguage\":\"de\",\"potentialAction\":[{\"@type\":\"ReadAction\",\"target\":[\"https:\/\/domainedesbiolles.ch\/de\/vin\/merlot-barrique\/\"]}]},{\"@type\":\"ImageObject\",\"inLanguage\":\"de\",\"@id\":\"https:\/\/domainedesbiolles.ch\/de\/vin\/merlot-barrique\/#primaryimage\",\"url\":\"https:\/\/domainedesbiolles.ch\/wp-content\/uploads\/2018\/04\/3X0A0681-scaled.jpg\",\"contentUrl\":\"https:\/\/domainedesbiolles.ch\/wp-content\/uploads\/2018\/04\/3X0A0681-scaled.jpg\",\"width\":1707,\"height\":2560},{\"@type\":\"BreadcrumbList\",\"@id\":\"https:\/\/domainedesbiolles.ch\/de\/vin\/merlot-barrique\/#breadcrumb\",\"itemListElement\":[{\"@type\":\"ListItem\",\"position\":1,\"name\":\"Accueil\",\"item\":\"https:\/\/domainedesbiolles.ch\/de\/\"},{\"@type\":\"ListItem\",\"position\":2,\"name\":\"Die Wein-Palette der Domaine\",\"item\":\"https:\/\/domainedesbiolles.ch\/de\/die-wein-palette-der-domaine\/\"},{\"@type\":\"ListItem\",\"position\":3,\"name\":\"Merlot Barrique\"}]},{\"@type\":\"WebSite\",\"@id\":\"https:\/\/domainedesbiolles.ch\/de\/#website\",\"url\":\"https:\/\/domainedesbiolles.ch\/de\/\",\"name\":\"Domaine des Biolles\",\"description\":\"Propri\u00e9taire | Encaveur | Vigneron | Founex\",\"potentialAction\":[{\"@type\":\"SearchAction\",\"target\":{\"@type\":\"EntryPoint\",\"urlTemplate\":\"https:\/\/domainedesbiolles.ch\/de\/?s={search_term_string}\"},\"query-input\":\"required name=search_term_string\"}],\"inLanguage\":\"de\"}]}<\/script>\n<!-- \/ Yoast SEO plugin. -->","yoast_head_json":{"title":"Merlot Barrique - Domaine des Biolles","robots":{"index":"index","follow":"follow","max-snippet":"max-snippet:-1","max-image-preview":"max-image-preview:large","max-video-preview":"max-video-preview:-1"},"canonical":"https:\/\/domainedesbiolles.ch\/de\/vin\/merlot-barrique\/","og_locale":"de_DE","og_type":"article","og_title":"Merlot Barrique - Domaine des Biolles","og_description":"Ein Ch\u00e2taigneriaz mit grosser Abstammung in dunkelrotem Kleid mit granatfarbenen Reflexen; mit von Gew\u00fcrzen und roten Fr\u00fcchten gepr\u00e4gtem Geschmack. Im Gaumen besticht er durch sch\u00f6ne, wuchtige Tannine. Seine Holznoten und die Aromen von Kaffee und Vanille verdankt er seinem Ausbau im Eichenfass. [nectar_btn size=\"small\" open_new_tab=\"true\" button_style=\"regular\" button_color_2=\"Extra-Color-1\" icon_family=\"none\" url=\"https:\/\/domainedesbiolles.ch\/wp-content\/uploads\/2019\/04\/selection-vins-vaudois-biolles-merlot.pdf\" text=\"DIE BEWERTUNG ANSEHEN\" margin_top=\"5px\"]","og_url":"https:\/\/domainedesbiolles.ch\/de\/vin\/merlot-barrique\/","og_site_name":"Domaine des Biolles","og_image":[{"width":1000,"height":1500,"url":"https:\/\/domainedesbiolles.ch\/wp-content\/uploads\/2019\/04\/Merlot-Biolles-vins-vaudois-or-2018.jpg","type":"image\/jpeg"}],"twitter_card":"summary_large_image","schema":{"@context":"https:\/\/schema.org","@graph":[{"@type":"WebPage","@id":"https:\/\/domainedesbiolles.ch\/de\/vin\/merlot-barrique\/","url":"https:\/\/domainedesbiolles.ch\/de\/vin\/merlot-barrique\/","name":"Merlot Barrique - Domaine des Biolles","isPartOf":{"@id":"https:\/\/domainedesbiolles.ch\/de\/#website"},"primaryImageOfPage":{"@id":"https:\/\/domainedesbiolles.ch\/de\/vin\/merlot-barrique\/#primaryimage"},"image":{"@id":"https:\/\/domainedesbiolles.ch\/de\/vin\/merlot-barrique\/#primaryimage"},"thumbnailUrl":"https:\/\/domainedesbiolles.ch\/wp-content\/uploads\/2018\/04\/3X0A0681-scaled.jpg","datePublished":"2018-04-18T09:44:29+00:00","dateModified":"2018-04-18T09:44:29+00:00","breadcrumb":{"@id":"https:\/\/domainedesbiolles.ch\/de\/vin\/merlot-barrique\/#breadcrumb"},"inLanguage":"de","potentialAction":[{"@type":"ReadAction","target":["https:\/\/domainedesbiolles.ch\/de\/vin\/merlot-barrique\/"]}]},{"@type":"ImageObject","inLanguage":"de","@id":"https:\/\/domainedesbiolles.ch\/de\/vin\/merlot-barrique\/#primaryimage","url":"https:\/\/domainedesbiolles.ch\/wp-content\/uploads\/2018\/04\/3X0A0681-scaled.jpg","contentUrl":"https:\/\/domainedesbiolles.ch\/wp-content\/uploads\/2018\/04\/3X0A0681-scaled.jpg","width":1707,"height":2560},{"@type":"BreadcrumbList","@id":"https:\/\/domainedesbiolles.ch\/de\/vin\/merlot-barrique\/#breadcrumb","itemListElement":[{"@type":"ListItem","position":1,"name":"Accueil","item":"https:\/\/domainedesbiolles.ch\/de\/"},{"@type":"ListItem","position":2,"name":"Die Wein-Palette der Domaine","item":"https:\/\/domainedesbiolles.ch\/de\/die-wein-palette-der-domaine\/"},{"@type":"ListItem","position":3,"name":"Merlot Barrique"}]},{"@type":"WebSite","@id":"https:\/\/domainedesbiolles.ch\/de\/#website","url":"https:\/\/domainedesbiolles.ch\/de\/","name":"Domaine des Biolles","description":"Propri\u00e9taire | Encaveur | Vigneron | Founex","potentialAction":[{"@type":"SearchAction","target":{"@type":"EntryPoint","urlTemplate":"https:\/\/domainedesbiolles.ch\/de\/?s={search_term_string}"},"query-input":"required name=search_term_string"}],"inLanguage":"de"}]}},"_links":{"self":[{"href":"https:\/\/domainedesbiolles.ch\/de\/wp-json\/wp\/v2\/product\/2569"}],"collection":[{"href":"https:\/\/domainedesbiolles.ch\/de\/wp-json\/wp\/v2\/product"}],"about":[{"href":"https:\/\/domainedesbiolles.ch\/de\/wp-json\/wp\/v2\/types\/product"}],"wp:featuredmedia":[{"embeddable":true,"href":"https:\/\/domainedesbiolles.ch\/de\/wp-json\/wp\/v2\/media\/2906"}],"wp:attachment":[{"href":"https:\/\/domainedesbiolles.ch\/de\/wp-json\/wp\/v2\/media?parent=2569"}],"wp:term":[{"taxonomy":"product_cat","embeddable":true,"href":"https:\/\/domainedesbiolles.ch\/de\/wp-json\/wp\/v2\/product_cat?post=2569"},{"taxonomy":"product_tag","embeddable":true,"href":"https:\/\/domainedesbiolles.ch\/de\/wp-json\/wp\/v2\/product_tag?post=2569"}],"curies":[{"name":"wp","href":"https:\/\/api.w.org\/{rel}","templated":true}]}}