{"id":2471,"date":"2018-04-18T11:47:51","date_gmt":"2018-04-18T09:47:51","guid":{"rendered":"https:\/\/domainedesbiolles.ch\/vin\/pinot-gris\/"},"modified":"2018-04-18T11:47:51","modified_gmt":"2018-04-18T09:47:51","slug":"pinot-gris-2","status":"publish","type":"product","link":"https:\/\/domainedesbiolles.ch\/de\/vin\/pinot-gris\/","title":{"rendered":"Pinot Gris"},"content":{"rendered":"<p>Herkunftsbezeichnung: AOC La C\u00f4te<\/p>\n<p>75 cl \u2013 14,7 % Volumenprozent<\/p>\n<p><span style=\"color: #b3a896;\">Verkaufsbedingungen:<br \/>\n<\/span>Unsere Preise verstehen sich ab Weinkeller \u2013 MwSt inbegriffen Die Versand- oder Transport-kosten werden separat in Rechnung gestellt.<\/p>\n<p><span style=\"color: #b3a896;\">Verkaufseinheiten:<\/span><br \/>\n75 cl &gt; 6 oder 12 Flaschen<br \/>\n50cl &gt; 15 Flaschen<\/p>\n","protected":false},"excerpt":{"rendered":"<p>Edle Rebsorte mit sch\u00f6ner Struktur, k\u00f6rperreich mit kr\u00e4ftiger Farbe und geschmeidigen, harmonischen Tanninen.<\/p>\n","protected":false},"featured_media":2511,"template":"","meta":[],"product_cat":[36],"product_tag":[],"yoast_head":"<!-- This site is optimized with the Yoast SEO plugin v22.9 - https:\/\/yoast.com\/wordpress\/plugins\/seo\/ -->\n<title>Pinot Gris - Domaine des Biolles<\/title>\n<meta name=\"robots\" content=\"index, follow, max-snippet:-1, max-image-preview:large, max-video-preview:-1\" \/>\n<link rel=\"canonical\" href=\"https:\/\/domainedesbiolles.ch\/de\/vin\/pinot-gris\/\" \/>\n<meta property=\"og:locale\" content=\"de_DE\" \/>\n<meta property=\"og:type\" content=\"article\" \/>\n<meta property=\"og:title\" content=\"Pinot Gris - Domaine des Biolles\" \/>\n<meta property=\"og:description\" content=\"Edle Rebsorte mit sch\u00f6ner Struktur, k\u00f6rperreich mit kr\u00e4ftiger Farbe und geschmeidigen, harmonischen Tanninen.\" \/>\n<meta property=\"og:url\" content=\"https:\/\/domainedesbiolles.ch\/de\/vin\/pinot-gris\/\" \/>\n<meta property=\"og:site_name\" content=\"Domaine des Biolles\" \/>\n<meta name=\"twitter:card\" content=\"summary_large_image\" \/>\n<script type=\"application\/ld+json\" class=\"yoast-schema-graph\">{\"@context\":\"https:\/\/schema.org\",\"@graph\":[{\"@type\":\"WebPage\",\"@id\":\"https:\/\/domainedesbiolles.ch\/de\/vin\/pinot-gris\/\",\"url\":\"https:\/\/domainedesbiolles.ch\/de\/vin\/pinot-gris\/\",\"name\":\"Pinot Gris - Domaine des Biolles\",\"isPartOf\":{\"@id\":\"https:\/\/domainedesbiolles.ch\/de\/#website\"},\"primaryImageOfPage\":{\"@id\":\"https:\/\/domainedesbiolles.ch\/de\/vin\/pinot-gris\/#primaryimage\"},\"image\":{\"@id\":\"https:\/\/domainedesbiolles.ch\/de\/vin\/pinot-gris\/#primaryimage\"},\"thumbnailUrl\":\"https:\/\/domainedesbiolles.ch\/wp-content\/uploads\/2018\/06\/Pinot-Gris.jpg\",\"datePublished\":\"2018-04-18T09:47:51+00:00\",\"dateModified\":\"2018-04-18T09:47:51+00:00\",\"breadcrumb\":{\"@id\":\"https:\/\/domainedesbiolles.ch\/de\/vin\/pinot-gris\/#breadcrumb\"},\"inLanguage\":\"de\",\"potentialAction\":[{\"@type\":\"ReadAction\",\"target\":[\"https:\/\/domainedesbiolles.ch\/de\/vin\/pinot-gris\/\"]}]},{\"@type\":\"ImageObject\",\"inLanguage\":\"de\",\"@id\":\"https:\/\/domainedesbiolles.ch\/de\/vin\/pinot-gris\/#primaryimage\",\"url\":\"https:\/\/domainedesbiolles.ch\/wp-content\/uploads\/2018\/06\/Pinot-Gris.jpg\",\"contentUrl\":\"https:\/\/domainedesbiolles.ch\/wp-content\/uploads\/2018\/06\/Pinot-Gris.jpg\",\"width\":1000,\"height\":1500},{\"@type\":\"BreadcrumbList\",\"@id\":\"https:\/\/domainedesbiolles.ch\/de\/vin\/pinot-gris\/#breadcrumb\",\"itemListElement\":[{\"@type\":\"ListItem\",\"position\":1,\"name\":\"Accueil\",\"item\":\"https:\/\/domainedesbiolles.ch\/de\/\"},{\"@type\":\"ListItem\",\"position\":2,\"name\":\"Die Wein-Palette der Domaine\",\"item\":\"https:\/\/domainedesbiolles.ch\/de\/die-wein-palette-der-domaine\/\"},{\"@type\":\"ListItem\",\"position\":3,\"name\":\"Pinot Gris\"}]},{\"@type\":\"WebSite\",\"@id\":\"https:\/\/domainedesbiolles.ch\/de\/#website\",\"url\":\"https:\/\/domainedesbiolles.ch\/de\/\",\"name\":\"Domaine des Biolles\",\"description\":\"Propri\u00e9taire | Encaveur | Vigneron | Founex\",\"potentialAction\":[{\"@type\":\"SearchAction\",\"target\":{\"@type\":\"EntryPoint\",\"urlTemplate\":\"https:\/\/domainedesbiolles.ch\/de\/?s={search_term_string}\"},\"query-input\":\"required name=search_term_string\"}],\"inLanguage\":\"de\"}]}<\/script>\n<!-- \/ Yoast SEO plugin. -->","yoast_head_json":{"title":"Pinot Gris - Domaine des Biolles","robots":{"index":"index","follow":"follow","max-snippet":"max-snippet:-1","max-image-preview":"max-image-preview:large","max-video-preview":"max-video-preview:-1"},"canonical":"https:\/\/domainedesbiolles.ch\/de\/vin\/pinot-gris\/","og_locale":"de_DE","og_type":"article","og_title":"Pinot Gris - Domaine des Biolles","og_description":"Edle Rebsorte mit sch\u00f6ner Struktur, k\u00f6rperreich mit kr\u00e4ftiger Farbe und geschmeidigen, harmonischen Tanninen.","og_url":"https:\/\/domainedesbiolles.ch\/de\/vin\/pinot-gris\/","og_site_name":"Domaine des Biolles","twitter_card":"summary_large_image","schema":{"@context":"https:\/\/schema.org","@graph":[{"@type":"WebPage","@id":"https:\/\/domainedesbiolles.ch\/de\/vin\/pinot-gris\/","url":"https:\/\/domainedesbiolles.ch\/de\/vin\/pinot-gris\/","name":"Pinot Gris - Domaine des Biolles","isPartOf":{"@id":"https:\/\/domainedesbiolles.ch\/de\/#website"},"primaryImageOfPage":{"@id":"https:\/\/domainedesbiolles.ch\/de\/vin\/pinot-gris\/#primaryimage"},"image":{"@id":"https:\/\/domainedesbiolles.ch\/de\/vin\/pinot-gris\/#primaryimage"},"thumbnailUrl":"https:\/\/domainedesbiolles.ch\/wp-content\/uploads\/2018\/06\/Pinot-Gris.jpg","datePublished":"2018-04-18T09:47:51+00:00","dateModified":"2018-04-18T09:47:51+00:00","breadcrumb":{"@id":"https:\/\/domainedesbiolles.ch\/de\/vin\/pinot-gris\/#breadcrumb"},"inLanguage":"de","potentialAction":[{"@type":"ReadAction","target":["https:\/\/domainedesbiolles.ch\/de\/vin\/pinot-gris\/"]}]},{"@type":"ImageObject","inLanguage":"de","@id":"https:\/\/domainedesbiolles.ch\/de\/vin\/pinot-gris\/#primaryimage","url":"https:\/\/domainedesbiolles.ch\/wp-content\/uploads\/2018\/06\/Pinot-Gris.jpg","contentUrl":"https:\/\/domainedesbiolles.ch\/wp-content\/uploads\/2018\/06\/Pinot-Gris.jpg","width":1000,"height":1500},{"@type":"BreadcrumbList","@id":"https:\/\/domainedesbiolles.ch\/de\/vin\/pinot-gris\/#breadcrumb","itemListElement":[{"@type":"ListItem","position":1,"name":"Accueil","item":"https:\/\/domainedesbiolles.ch\/de\/"},{"@type":"ListItem","position":2,"name":"Die Wein-Palette der Domaine","item":"https:\/\/domainedesbiolles.ch\/de\/die-wein-palette-der-domaine\/"},{"@type":"ListItem","position":3,"name":"Pinot Gris"}]},{"@type":"WebSite","@id":"https:\/\/domainedesbiolles.ch\/de\/#website","url":"https:\/\/domainedesbiolles.ch\/de\/","name":"Domaine des Biolles","description":"Propri\u00e9taire | Encaveur | Vigneron | Founex","potentialAction":[{"@type":"SearchAction","target":{"@type":"EntryPoint","urlTemplate":"https:\/\/domainedesbiolles.ch\/de\/?s={search_term_string}"},"query-input":"required name=search_term_string"}],"inLanguage":"de"}]}},"_links":{"self":[{"href":"https:\/\/domainedesbiolles.ch\/de\/wp-json\/wp\/v2\/product\/2471"}],"collection":[{"href":"https:\/\/domainedesbiolles.ch\/de\/wp-json\/wp\/v2\/product"}],"about":[{"href":"https:\/\/domainedesbiolles.ch\/de\/wp-json\/wp\/v2\/types\/product"}],"wp:featuredmedia":[{"embeddable":true,"href":"https:\/\/domainedesbiolles.ch\/de\/wp-json\/wp\/v2\/media\/2511"}],"wp:attachment":[{"href":"https:\/\/domainedesbiolles.ch\/de\/wp-json\/wp\/v2\/media?parent=2471"}],"wp:term":[{"taxonomy":"product_cat","embeddable":true,"href":"https:\/\/domainedesbiolles.ch\/de\/wp-json\/wp\/v2\/product_cat?post=2471"},{"taxonomy":"product_tag","embeddable":true,"href":"https:\/\/domainedesbiolles.ch\/de\/wp-json\/wp\/v2\/product_tag?post=2471"}],"curies":[{"name":"wp","href":"https:\/\/api.w.org\/{rel}","templated":true}]}}