{"id":2679,"date":"2018-05-12T09:35:12","date_gmt":"2018-05-12T07:35:12","guid":{"rendered":"https:\/\/domainedesbiolles.ch\/geschenk-boutique\/"},"modified":"2022-09-12T00:59:05","modified_gmt":"2022-09-11T22:59:05","slug":"geschenk-boutique","status":"publish","type":"page","link":"https:\/\/domainedesbiolles.ch\/de\/geschenk-boutique\/","title":{"rendered":"Geschenk Boutique"},"content":{"rendered":"[vc_row type=&#8220;in_container&#8220; full_screen_row_position=&#8220;middle&#8220; column_margin=&#8220;default&#8220; scene_position=&#8220;center&#8220; text_color=&#8220;dark&#8220; text_align=&#8220;left&#8220; top_padding=&#8220;8%&#8220; overlay_strength=&#8220;0.3&#8243; shape_divider_position=&#8220;bottom&#8220; bg_image_animation=&#8220;none&#8220; shape_type=&#8220;&#8220;][vc_column column_padding=&#8220;no-extra-padding&#8220; column_padding_position=&#8220;all&#8220; background_color_opacity=&#8220;1&#8243; background_hover_color_opacity=&#8220;1&#8243; column_link_target=&#8220;_self&#8220; column_shadow=&#8220;none&#8220; column_border_radius=&#8220;none&#8220; width=&#8220;1\/6&#8243; tablet_width_inherit=&#8220;default&#8220; tablet_text_alignment=&#8220;default&#8220; phone_text_alignment=&#8220;default&#8220; overlay_strength=&#8220;0.3&#8243; column_border_width=&#8220;none&#8220; column_border_style=&#8220;solid&#8220; bg_image_animation=&#8220;none&#8220; offset=&#8220;vc_hidden-sm vc_hidden-xs&#8220;][\/vc_column][vc_column column_padding=&#8220;no-extra-padding&#8220; column_padding_position=&#8220;all&#8220; background_color_opacity=&#8220;1&#8243; background_hover_color_opacity=&#8220;1&#8243; column_link_target=&#8220;_self&#8220; column_shadow=&#8220;none&#8220; column_border_radius=&#8220;none&#8220; width=&#8220;2\/3&#8243; tablet_width_inherit=&#8220;default&#8220; tablet_text_alignment=&#8220;default&#8220; phone_text_alignment=&#8220;default&#8220; overlay_strength=&#8220;0.3&#8243; column_border_width=&#8220;none&#8220; column_border_style=&#8220;solid&#8220; bg_image_animation=&#8220;none&#8220;][tabbed_section style=&#8220;default&#8220; alignment=&#8220;center&#8220; spacing=&#8220;side-45px&#8220; tab_color=&#8220;Accent-Color&#8220;][tab icon_family=&#8220;none&#8220; title=&#8220;willkommen&#8220; id=&#8220;1604335647024-9&#8243; tab_id=&#8220;1604335647025-2&#8243;][divider line_type=&#8220;No Line&#8220;][vc_column_text]Weil mir das Kunsthandwerk am Herzen liegt, liebe ich es, Geschenke zu personalisieren, um sie einzigartig zu machen. Ich lasse meiner Phantasie freien Lauf, um den Objekten ein zweites Leben einzuhauchen, eine Leidenschaft, die mich seit jeher befl\u00fcgelt hat.<\/p>\n<p>Meine Inspirationen entstehen bei der Verwendung von Korkzapfen, Weinflaschen, Lehm, Zement, alten Schmuckst\u00fccken, Ranken, Tannzapfen sowie von meinen Sukkulenten und anderen Materialien.<\/p>\n<p>Wenn Sie Freude am Schenken haben oder auch nur zum eigenen Vergn\u00fcgen lade ich Sie herzlich ein, meinen Flohmarkt zu durchst\u00f6bern, wo Sie unz\u00e4hlige Kleinode finden und alle meine Kreationen entdecken k\u00f6nnen.<\/p>\n<p>Kontaktieren Sie mich einfach, wenn Sie meine Boutique besuchen m\u00f6chten.<\/p>\n<p style=\"text-align: right;\"><em><strong>Marilyn Deblu\u00eb<br \/>\n<\/strong><\/em><a href=\"tel:+%2041%2079%20721%2002%20040458\">079 721 02 04<\/a><br \/>\n<a href=\"mailto:deblue.mar.jp@bluewin.ch\">deblue.mar.jp@bluewin.ch<\/a><\/p>\n[\/vc_column_text][divider line_type=&#8220;No Line&#8220;][vc_row_inner content_placement=&#8220;middle&#8220; column_margin=&#8220;default&#8220; text_align=&#8220;center&#8220;][vc_column_inner column_padding=&#8220;no-extra-padding&#8220; column_padding_position=&#8220;all&#8220; background_color_opacity=&#8220;1&#8243; background_hover_color_opacity=&#8220;1&#8243; column_shadow=&#8220;none&#8220; column_border_radius=&#8220;none&#8220; column_link_target=&#8220;_self&#8220; width=&#8220;1\/1&#8243; tablet_width_inherit=&#8220;default&#8220; overlay_strength=&#8220;0.3&#8243; column_border_width=&#8220;none&#8220; column_border_style=&#8220;solid&#8220; bg_image_animation=&#8220;none&#8220;][vc_custom_heading text=&#8220;Instagram&#8220; font_container=&#8220;tag:h4|text_align:center&#8220; use_theme_fonts=&#8220;yes&#8220;][nectar_icon icon_family=&#8220;fontawesome&#8220; icon_style=&#8220;default&#8220; icon_color=&#8220;Accent-Color&#8220; icon_padding=&#8220;20px&#8220; icon_fontawesome=&#8220;fa fa-instagram&#8220; url=&#8220;https:\/\/www.instagram.com\/marilyndeblues_creations\/&#8220;][\/vc_column_inner][\/vc_row_inner][\/tab][tab icon_family=&#8220;none&#8220; title=&#8220;Welcome&#8220; id=&#8220;1604335647116-0&#8243; tab_id=&#8220;1604335647116-4&#8243;][divider line_type=&#8220;No Line&#8220;][vc_column_text]As a crafter at heart, I have always enjoyed personalizing my gifts. My objective is to repurpose and recycle items and let my imagination do the rest\u2026<\/p>\n<p>I inspire myself using wine corks, wine bottles, clay, cement, old jewellery, fabric, wine branches, pine cones, my home grown succulent plants and other materials.<\/p>\n<p>For the joy to give or simply to please yourself, I invite you to discover my brocante where you will find lots of treasures and all my creations.<\/p>\n<p>Do not hesitate to contact me for a visit.<\/p>\n<p style=\"text-align: right;\"><em><strong>Marilyn Deblu\u00eb<br \/>\n<\/strong><\/em><a href=\"tel:+%2041%2079%20721%2002%20040458\">079 721 02 04<\/a><br \/>\n<a href=\"mailto:deblue.mar.jp@bluewin.ch\">deblue.mar.jp@bluewin.ch<\/a><\/p>\n[\/vc_column_text][divider line_type=&#8220;No Line&#8220;][vc_row_inner content_placement=&#8220;middle&#8220; column_margin=&#8220;default&#8220; text_align=&#8220;center&#8220;][vc_column_inner column_padding=&#8220;no-extra-padding&#8220; column_padding_position=&#8220;all&#8220; background_color_opacity=&#8220;1&#8243; background_hover_color_opacity=&#8220;1&#8243; column_shadow=&#8220;none&#8220; column_border_radius=&#8220;none&#8220; column_link_target=&#8220;_self&#8220; width=&#8220;1\/1&#8243; tablet_width_inherit=&#8220;default&#8220; overlay_strength=&#8220;0.3&#8243; column_border_width=&#8220;none&#8220; column_border_style=&#8220;solid&#8220; bg_image_animation=&#8220;none&#8220;][vc_custom_heading text=&#8220;Follow my creations on Instagram!&#8220; font_container=&#8220;tag:h4|text_align:center&#8220; use_theme_fonts=&#8220;yes&#8220;][nectar_icon icon_family=&#8220;fontawesome&#8220; icon_style=&#8220;default&#8220; icon_color=&#8220;Accent-Color&#8220; icon_padding=&#8220;20px&#8220; icon_fontawesome=&#8220;fa fa-instagram&#8220; url=&#8220;https:\/\/www.instagram.com\/marilyndeblues_creations\/&#8220;][\/vc_column_inner][\/vc_row_inner][\/tab][\/tabbed_section][\/vc_column][vc_column column_padding=&#8220;no-extra-padding&#8220; column_padding_position=&#8220;all&#8220; background_color_opacity=&#8220;1&#8243; background_hover_color_opacity=&#8220;1&#8243; column_link_target=&#8220;_self&#8220; column_shadow=&#8220;none&#8220; column_border_radius=&#8220;none&#8220; width=&#8220;1\/6&#8243; tablet_width_inherit=&#8220;default&#8220; tablet_text_alignment=&#8220;default&#8220; phone_text_alignment=&#8220;default&#8220; overlay_strength=&#8220;0.3&#8243; column_border_width=&#8220;none&#8220; column_border_style=&#8220;solid&#8220; bg_image_animation=&#8220;none&#8220; offset=&#8220;vc_hidden-sm vc_hidden-xs&#8220;][\/vc_column][\/vc_row][vc_row type=&#8220;in_container&#8220; full_screen_row_position=&#8220;middle&#8220; column_margin=&#8220;default&#8220; scene_position=&#8220;center&#8220; text_color=&#8220;dark&#8220; text_align=&#8220;center&#8220; overlay_strength=&#8220;0.3&#8243; shape_divider_position=&#8220;bottom&#8220; bg_image_animation=&#8220;none&#8220; shape_type=&#8220;&#8220;][vc_column column_padding=&#8220;no-extra-padding&#8220; column_padding_position=&#8220;all&#8220; background_color_opacity=&#8220;1&#8243; background_hover_color_opacity=&#8220;1&#8243; column_link_target=&#8220;_self&#8220; column_shadow=&#8220;none&#8220; column_border_radius=&#8220;none&#8220; width=&#8220;1\/1&#8243; tablet_width_inherit=&#8220;default&#8220; tablet_text_alignment=&#8220;default&#8220; phone_text_alignment=&#8220;default&#8220; overlay_strength=&#8220;0.3&#8243; column_border_width=&#8220;none&#8220; column_border_style=&#8220;solid&#8220; bg_image_animation=&#8220;none&#8220;][vc_row_inner content_placement=&#8220;middle&#8220; column_margin=&#8220;default&#8220; text_align=&#8220;center&#8220;][vc_column_inner column_padding=&#8220;no-extra-padding&#8220; column_padding_position=&#8220;all&#8220; centered_text=&#8220;true&#8220; background_color_opacity=&#8220;1&#8243; background_hover_color_opacity=&#8220;1&#8243; column_shadow=&#8220;none&#8220; column_border_radius=&#8220;none&#8220; column_link_target=&#8220;_self&#8220; width=&#8220;1\/1&#8243; tablet_width_inherit=&#8220;default&#8220; overlay_strength=&#8220;0.3&#8243; column_border_width=&#8220;none&#8220; column_border_style=&#8220;solid&#8220; bg_image_animation=&#8220;none&#8220;][vc_gallery type=&#8220;image_grid&#8220; images=&#8220;2156,2157,2158,2159,2160,2161,2162,2163,2164,2165,2166,2167,2168,1676,1682,1681,1680,1677,1678,1673,2291,2292,2293,2294,2295,2296,2297,2298,2299,2300&#8243; layout=&#8220;4&#8243; item_spacing=&#8220;default&#8220; gallery_style=&#8220;7&#8243; load_in_animation=&#8220;none&#8220; el_id=&#8220;gallerieboutiquecadeau&#8220;][\/vc_column_inner][\/vc_row_inner][\/vc_column][\/vc_row]\n","protected":false},"excerpt":{"rendered":"<p>[vc_row type=&#8220;in_container&#8220; full_screen_row_position=&#8220;middle&#8220; column_margin=&#8220;default&#8220; scene_position=&#8220;center&#8220; text_color=&#8220;dark&#8220; text_align=&#8220;left&#8220; top_padding=&#8220;8%&#8220; overlay_strength=&#8220;0.3&#8243; shape_divider_position=&#8220;bottom&#8220; bg_image_animation=&#8220;none&#8220; shape_type=&#8220;&#8220;][vc_column column_padding=&#8220;no-extra-padding&#8220; column_padding_position=&#8220;all&#8220; background_color_opacity=&#8220;1&#8243;&#8230;<\/p>\n","protected":false},"author":2,"featured_media":0,"parent":0,"menu_order":5,"comment_status":"closed","ping_status":"closed","template":"","meta":{"footnotes":""},"yoast_head":"<!-- This site is optimized with the Yoast SEO plugin v22.9 - https:\/\/yoast.com\/wordpress\/plugins\/seo\/ -->\n<title>Geschenk Boutique - Domaine des Biolles<\/title>\n<meta name=\"description\" content=\"Tauchen Sie ein in das kreative Universum von Marylin\" \/>\n<meta name=\"robots\" content=\"index, follow, max-snippet:-1, max-image-preview:large, max-video-preview:-1\" \/>\n<link rel=\"canonical\" href=\"https:\/\/domainedesbiolles.ch\/de\/geschenk-boutique\/\" \/>\n<meta property=\"og:locale\" content=\"de_DE\" \/>\n<meta property=\"og:type\" content=\"article\" \/>\n<meta property=\"og:title\" content=\"Geschenk Boutique - Domaine des Biolles\" \/>\n<meta property=\"og:description\" content=\"Tauchen Sie ein in das kreative Universum von Marylin\" \/>\n<meta property=\"og:url\" content=\"https:\/\/domainedesbiolles.ch\/de\/geschenk-boutique\/\" \/>\n<meta property=\"og:site_name\" content=\"Domaine des Biolles\" \/>\n<meta property=\"article:modified_time\" content=\"2022-09-11T22:59:05+00:00\" \/>\n<meta name=\"twitter:card\" content=\"summary_large_image\" \/>\n<meta name=\"twitter:label1\" content=\"Gesch\u00e4tzte Lesezeit\" \/>\n\t<meta name=\"twitter:data1\" content=\"3\u00a0Minuten\" \/>\n<script type=\"application\/ld+json\" class=\"yoast-schema-graph\">{\"@context\":\"https:\/\/schema.org\",\"@graph\":[{\"@type\":\"WebPage\",\"@id\":\"https:\/\/domainedesbiolles.ch\/de\/geschenk-boutique\/\",\"url\":\"https:\/\/domainedesbiolles.ch\/de\/geschenk-boutique\/\",\"name\":\"Geschenk Boutique - Domaine des Biolles\",\"isPartOf\":{\"@id\":\"https:\/\/domainedesbiolles.ch\/de\/#website\"},\"datePublished\":\"2018-05-12T07:35:12+00:00\",\"dateModified\":\"2022-09-11T22:59:05+00:00\",\"description\":\"Tauchen Sie ein in das kreative Universum von Marylin\",\"breadcrumb\":{\"@id\":\"https:\/\/domainedesbiolles.ch\/de\/geschenk-boutique\/#breadcrumb\"},\"inLanguage\":\"de\",\"potentialAction\":[{\"@type\":\"ReadAction\",\"target\":[\"https:\/\/domainedesbiolles.ch\/de\/geschenk-boutique\/\"]}]},{\"@type\":\"BreadcrumbList\",\"@id\":\"https:\/\/domainedesbiolles.ch\/de\/geschenk-boutique\/#breadcrumb\",\"itemListElement\":[{\"@type\":\"ListItem\",\"position\":1,\"name\":\"Accueil\",\"item\":\"https:\/\/domainedesbiolles.ch\/de\/\"},{\"@type\":\"ListItem\",\"position\":2,\"name\":\"Geschenk Boutique\"}]},{\"@type\":\"WebSite\",\"@id\":\"https:\/\/domainedesbiolles.ch\/de\/#website\",\"url\":\"https:\/\/domainedesbiolles.ch\/de\/\",\"name\":\"Domaine des Biolles\",\"description\":\"Propri\u00e9taire | Encaveur | Vigneron | Founex\",\"potentialAction\":[{\"@type\":\"SearchAction\",\"target\":{\"@type\":\"EntryPoint\",\"urlTemplate\":\"https:\/\/domainedesbiolles.ch\/de\/?s={search_term_string}\"},\"query-input\":\"required name=search_term_string\"}],\"inLanguage\":\"de\"}]}<\/script>\n<!-- \/ Yoast SEO plugin. -->","yoast_head_json":{"title":"Geschenk Boutique - Domaine des Biolles","description":"Tauchen Sie ein in das kreative Universum von Marylin","robots":{"index":"index","follow":"follow","max-snippet":"max-snippet:-1","max-image-preview":"max-image-preview:large","max-video-preview":"max-video-preview:-1"},"canonical":"https:\/\/domainedesbiolles.ch\/de\/geschenk-boutique\/","og_locale":"de_DE","og_type":"article","og_title":"Geschenk Boutique - Domaine des Biolles","og_description":"Tauchen Sie ein in das kreative Universum von Marylin","og_url":"https:\/\/domainedesbiolles.ch\/de\/geschenk-boutique\/","og_site_name":"Domaine des Biolles","article_modified_time":"2022-09-11T22:59:05+00:00","twitter_card":"summary_large_image","twitter_misc":{"Gesch\u00e4tzte Lesezeit":"3\u00a0Minuten"},"schema":{"@context":"https:\/\/schema.org","@graph":[{"@type":"WebPage","@id":"https:\/\/domainedesbiolles.ch\/de\/geschenk-boutique\/","url":"https:\/\/domainedesbiolles.ch\/de\/geschenk-boutique\/","name":"Geschenk Boutique - Domaine des Biolles","isPartOf":{"@id":"https:\/\/domainedesbiolles.ch\/de\/#website"},"datePublished":"2018-05-12T07:35:12+00:00","dateModified":"2022-09-11T22:59:05+00:00","description":"Tauchen Sie ein in das kreative Universum von Marylin","breadcrumb":{"@id":"https:\/\/domainedesbiolles.ch\/de\/geschenk-boutique\/#breadcrumb"},"inLanguage":"de","potentialAction":[{"@type":"ReadAction","target":["https:\/\/domainedesbiolles.ch\/de\/geschenk-boutique\/"]}]},{"@type":"BreadcrumbList","@id":"https:\/\/domainedesbiolles.ch\/de\/geschenk-boutique\/#breadcrumb","itemListElement":[{"@type":"ListItem","position":1,"name":"Accueil","item":"https:\/\/domainedesbiolles.ch\/de\/"},{"@type":"ListItem","position":2,"name":"Geschenk Boutique"}]},{"@type":"WebSite","@id":"https:\/\/domainedesbiolles.ch\/de\/#website","url":"https:\/\/domainedesbiolles.ch\/de\/","name":"Domaine des Biolles","description":"Propri\u00e9taire | Encaveur | Vigneron | Founex","potentialAction":[{"@type":"SearchAction","target":{"@type":"EntryPoint","urlTemplate":"https:\/\/domainedesbiolles.ch\/de\/?s={search_term_string}"},"query-input":"required name=search_term_string"}],"inLanguage":"de"}]}},"_links":{"self":[{"href":"https:\/\/domainedesbiolles.ch\/de\/wp-json\/wp\/v2\/pages\/2679"}],"collection":[{"href":"https:\/\/domainedesbiolles.ch\/de\/wp-json\/wp\/v2\/pages"}],"about":[{"href":"https:\/\/domainedesbiolles.ch\/de\/wp-json\/wp\/v2\/types\/page"}],"author":[{"embeddable":true,"href":"https:\/\/domainedesbiolles.ch\/de\/wp-json\/wp\/v2\/users\/2"}],"replies":[{"embeddable":true,"href":"https:\/\/domainedesbiolles.ch\/de\/wp-json\/wp\/v2\/comments?post=2679"}],"version-history":[{"count":0,"href":"https:\/\/domainedesbiolles.ch\/de\/wp-json\/wp\/v2\/pages\/2679\/revisions"}],"wp:attachment":[{"href":"https:\/\/domainedesbiolles.ch\/de\/wp-json\/wp\/v2\/media?parent=2679"}],"curies":[{"name":"wp","href":"https:\/\/api.w.org\/{rel}","templated":true}]}}